{"id":19,"date":"2014-03-26T09:35:34","date_gmt":"2014-03-26T08:35:34","guid":{"rendered":"http:\/\/tonestor.home.pl\/autoinstalator\/wordpress4\/?page_id=19"},"modified":"2020-06-10T10:27:06","modified_gmt":"2020-06-10T08:27:06","slug":"dla-dzieci","status":"publish","type":"page","link":"http:\/\/to-nestor.pl\/?page_id=19","title":{"rendered":"IMI"},"content":{"rendered":"<p>Obecnie realizowane projekty dla dzieci:<\/p>\n<p><a href=\"http:\/\/imi.edu.pl\/\" target=\"_blank\" rel=\"noopener noreferrer\"><img decoding=\"async\" loading=\"lazy\" class=\" size-full wp-image-17\" style=\"display: block; margin-left: auto; margin-right: auto;\" src=\"http:\/\/tonestor.home.pl\/autoinstalator\/wordpress4\/wp-content\/uploads\/2014\/03\/imi.png\" alt=\"\" width=\"160\" height=\"83\" border=\"0\"><\/a><\/p>\n<p class=\"MsoNormal\" style=\"line-height: normal;\"><strong>Instytut M\u0142odego In\u017cyniera<\/strong> to projekt skierowany do m\u0142odych ludzi pragn\u0105cych poszerzy\u0107 swoje umiej\u0119tno\u015bci techniczne. &nbsp;Grup\u0105 docelow\u0105 s\u0105&nbsp; <strong>dzieci <\/strong>w przedziale wiekowym w zakresie <strong><span style=\"color: #ff6600;\">7-15 lat<\/span><\/strong>.<\/p>\n<p class=\"MsoNormal\" style=\"line-height: normal;\">Wi\u0119kszo\u015b\u0107 zaj\u0119\u0107 oparta jest na<strong>&nbsp; <\/strong>zestawie <strong>Lego Mindstorms NXT.<\/strong><\/p>\n<p class=\"MsoNormal\" style=\"text-indent: 0cm;\"><span class=\"title\">&nbsp;<\/span><\/p>\n<p class=\"MsoNormal\" style=\"text-indent: 0cm;\"><span class=\"title\"><span class=\"title\"><img decoding=\"async\" loading=\"lazy\" class=\" alignright size-full wp-image-18\" style=\"border: 0; float: right;\" src=\"http:\/\/tonestor.home.pl\/autoinstalator\/wordpress4\/wp-content\/uploads\/2014\/03\/img_4590.jpg\" width=\"278\" height=\"370\" border=\"0\" srcset=\"http:\/\/to-nestor.pl\/wp-content\/uploads\/2014\/03\/img_4590.jpg 600w, http:\/\/to-nestor.pl\/wp-content\/uploads\/2014\/03\/img_4590-225x300.jpg 225w\" sizes=\"(max-width: 278px) 100vw, 278px\" \/><\/span>Zaj\u0119cia oferowane w ramach Instytut M\u0142odego In\u017cyniera obejmuj\u0105 tematyk\u0119 z zakresu:<\/span><\/p>\n<ul>\n<li><span class=\"title\">Informatyki<\/span><\/li>\n<li><span class=\"title\">Robotyki<\/span><\/li>\n<li><span class=\"title\">Matematyki<\/span><\/li>\n<li><span class=\"title\">Fizyki<\/span><\/li>\n<\/ul>\n<p class=\"MsoNormal\" style=\"text-indent: 0cm;\">G\u0142\u00f3wne atuty to:<\/p>\n<ul>\n<li>Nauka przez zabaw\u0119<\/li>\n<li>Umiej\u0119tno\u015b\u0107 wsp\u00f3\u0142pracy<\/li>\n<li>Rozw\u00f3j wyobra\u017ani przestrzennej<\/li>\n<li>Rozw\u00f3j logicznego i kreatywnego my\u015blenia<\/li>\n<\/ul>\n<p class=\"MsoNormal\" style=\"text-indent: 0cm;\">Zaj\u0119cia s\u0105 zr\u00f3\u017cnicowane pod wzgl\u0119dem:<\/p>\n<ul>\n<li>Poziomu merytorycznego<\/li>\n<li>Formy i czasu spotka\u0144: wakacyjne, weekendowe, semestralne, indywidualne, eventy<\/li>\n<li>Lokalizacji<\/li>\n<\/ul>\n<p class=\"MsoNormal\" style=\"text-indent: 0cm;\">Poza ofert\u0105 prezentowan\u0105 powy\u017cej istnieje mo\u017cliwo\u015b\u0107 organizacji spotka\u0144 na indywidualne zam\u00f3wienie klienta.<\/p>\n","protected":false},"excerpt":{"rendered":"<p>Obecnie realizowane projekty dla dzieci: Instytut M\u0142odego In\u017cyniera to projekt skierowany do m\u0142odych ludzi pragn\u0105cych poszerzy\u0107 swoje umiej\u0119tno\u015bci techniczne. &nbsp;Grup\u0105<a href=\"http:\/\/to-nestor.pl\/?page_id=19\" class=\"more-link\"><span class=\"more-button\">Wi\u0119cej<span class=\"screen-reader-text\">IMI<\/span><\/span><\/a><\/p>\n","protected":false},"author":1,"featured_media":133,"parent":0,"menu_order":1,"comment_status":"closed","ping_status":"closed","template":"","meta":[],"_links":{"self":[{"href":"http:\/\/to-nestor.pl\/index.php?rest_route=\/wp\/v2\/pages\/19"}],"collection":[{"href":"http:\/\/to-nestor.pl\/index.php?rest_route=\/wp\/v2\/pages"}],"about":[{"href":"http:\/\/to-nestor.pl\/index.php?rest_route=\/wp\/v2\/types\/page"}],"author":[{"embeddable":true,"href":"http:\/\/to-nestor.pl\/index.php?rest_route=\/wp\/v2\/users\/1"}],"replies":[{"embeddable":true,"href":"http:\/\/to-nestor.pl\/index.php?rest_route=%2Fwp%2Fv2%2Fcomments&post=19"}],"version-history":[{"count":2,"href":"http:\/\/to-nestor.pl\/index.php?rest_route=\/wp\/v2\/pages\/19\/revisions"}],"predecessor-version":[{"id":97,"href":"http:\/\/to-nestor.pl\/index.php?rest_route=\/wp\/v2\/pages\/19\/revisions\/97"}],"wp:featuredmedia":[{"embeddable":true,"href":"http:\/\/to-nestor.pl\/index.php?rest_route=\/wp\/v2\/media\/133"}],"wp:attachment":[{"href":"http:\/\/to-nestor.pl\/index.php?rest_route=%2Fwp%2Fv2%2Fmedia&parent=19"}],"curies":[{"name":"wp","href":"https:\/\/api.w.org\/{rel}","templated":true}]}}