{"id":11,"date":"2012-10-05T09:58:39","date_gmt":"2012-10-05T07:58:39","guid":{"rendered":"http:\/\/tonestor.home.pl\/autoinstalator\/wordpress4\/?page_id=11"},"modified":"2020-07-14T14:05:26","modified_gmt":"2020-07-14T12:05:26","slug":"strona-glowna","status":"publish","type":"page","link":"http:\/\/to-nestor.pl\/","title":{"rendered":"O firmie"},"content":{"rendered":"\n<p><em> &#8222;<\/em><em>Cz\u0142owiek ucz\u0105cy si\u0119 podbije \u015bwiat. Cz\u0142owiek nauczony przekona sie, <br>jak doskonale zosta\u0142 przygotowany do \u017cycia w \u015bwiecie, kt\u00f3rego ju\u017c nie ma&#8230;&#8221;<\/em><\/p>\n\n\n\n<p class=\"r\"><em>E. Hoffer <\/em><\/p>\n\n\n\n<p>W obecnych czasach, przy tak szybkim post\u0119pie i rozwoju, cz\u0142owiek kt\u00f3ry nie doskonali swoich umiej\u0119tno\u015b\u009cci pozostaje z ty\u0142u. Z my\u009cl\u0105 o osobach kt\u00f3rych interesuje zdobywanie i pog\u0142\u0119bianie wiedzy powsta\u0142a w 2007 roku firma <strong> NESTOR Tomasz Owsianka<\/strong>. Zajmujemy si\u0119 g\u0142\u00f3wnie edukacj\u0105 informatyczn\u0105.<\/p>\n\n\n\n<p>W swoim dzia\u0142aniu wykorzystujemy kilkuletnie do\u009c\u015bwiadczenie w edukacji, prac\u0119 z r\u00f3\u017cnymi grupami wiekowymi, jak r\u00f3wnie\u017c na r\u00f3\u017cnych poziomach wiedzy i umiej\u0119tno\u015bci.<\/p>\n\n\n\n<p>Indywidualnie podchodzimy do ka\u017cdego klienta, co gwarantuje obustronne zadowolenie i satysfakcj\u0119. Organizujemy szkolenia grupowe oraz indywidualne.<\/p>\n","protected":false},"excerpt":{"rendered":"<p>&#8222;Cz\u0142owiek ucz\u0105cy si\u0119 podbije \u015bwiat. Cz\u0142owiek nauczony przekona sie, jak doskonale zosta\u0142 przygotowany do \u017cycia w \u015bwiecie, kt\u00f3rego ju\u017c nie<a href=\"http:\/\/to-nestor.pl\/\" class=\"more-link\"><span class=\"more-button\">Wi\u0119cej<span class=\"screen-reader-text\">O firmie<\/span><\/span><\/a><\/p>\n","protected":false},"author":1,"featured_media":0,"parent":0,"menu_order":3,"comment_status":"closed","ping_status":"closed","template":"","meta":[],"_links":{"self":[{"href":"http:\/\/to-nestor.pl\/index.php?rest_route=\/wp\/v2\/pages\/11"}],"collection":[{"href":"http:\/\/to-nestor.pl\/index.php?rest_route=\/wp\/v2\/pages"}],"about":[{"href":"http:\/\/to-nestor.pl\/index.php?rest_route=\/wp\/v2\/types\/page"}],"author":[{"embeddable":true,"href":"http:\/\/to-nestor.pl\/index.php?rest_route=\/wp\/v2\/users\/1"}],"replies":[{"embeddable":true,"href":"http:\/\/to-nestor.pl\/index.php?rest_route=%2Fwp%2Fv2%2Fcomments&post=11"}],"version-history":[{"count":12,"href":"http:\/\/to-nestor.pl\/index.php?rest_route=\/wp\/v2\/pages\/11\/revisions"}],"predecessor-version":[{"id":191,"href":"http:\/\/to-nestor.pl\/index.php?rest_route=\/wp\/v2\/pages\/11\/revisions\/191"}],"wp:attachment":[{"href":"http:\/\/to-nestor.pl\/index.php?rest_route=%2Fwp%2Fv2%2Fmedia&parent=11"}],"curies":[{"name":"wp","href":"https:\/\/api.w.org\/{rel}","templated":true}]}}